{"id":244,"date":"2024-11-06T07:16:39","date_gmt":"2024-11-06T07:16:39","guid":{"rendered":"http:\/\/mecambioasolar.com\/home\/?page_id=244"},"modified":"2024-11-06T07:16:39","modified_gmt":"2024-11-06T07:16:39","slug":"aviso-legal","status":"publish","type":"page","link":"http:\/\/mecambioasolar.com\/home\/aviso-legal\/","title":{"rendered":"Aviso Legal"},"content":{"rendered":"<p>[et_pb_section fb_built=\u00bb1&#8243; _builder_version=\u00bb4.25.2&#8243; _module_preset=\u00bbdefault\u00bb global_colors_info=\u00bb{}\u00bb theme_builder_area=\u00bbpost_content\u00bb][et_pb_row _builder_version=\u00bb4.25.2&#8243; _module_preset=\u00bbdefault\u00bb global_colors_info=\u00bb{}\u00bb theme_builder_area=\u00bbpost_content\u00bb][et_pb_column type=\u00bb4_4&#8243; _builder_version=\u00bb4.25.2&#8243; _module_preset=\u00bbdefault\u00bb global_colors_info=\u00bb{}\u00bb theme_builder_area=\u00bbpost_content\u00bb][et_pb_text _builder_version=\u00bb4.27.2&#8243; _module_preset=\u00bbdefault\u00bb hover_enabled=\u00bb0&#8243; global_colors_info=\u00bb{}\u00bb theme_builder_area=\u00bbpost_content\u00bb sticky_enabled=\u00bb0&#8243;]<\/p>\n<h3><strong>Aviso Legal<\/strong><\/h3>\n<h4><\/h4>\n<p>[\/et_pb_text][et_pb_text _builder_version=\u00bb4.27.2&#8243; _module_preset=\u00bbdefault\u00bb hover_enabled=\u00bb0&#8243; global_colors_info=\u00bb{}\u00bb theme_builder_area=\u00bbpost_content\u00bb sticky_enabled=\u00bb0&#8243;]<\/p>\n<div class=\"row\">\n<div class=\"col-xl-10 mx-auto\">\n<div class=\"paper\">\n<header class=\"text-center\">\n<h4>1. <strong>Informaci\u00f3n General<\/strong><\/h4>\n<p>En cumplimiento de la normativa aplicable, te informamos que el presente sitio web <a rel=\"noopener\" target=\"_new\" href=\"http:\/\/www.mecambioasolar.com\"><span>www<\/span><span>.mecambioasolar<\/span><span>.com<\/span><\/a> es operado por:<\/p>\n<ul>\n<li><strong>Raz\u00f3n social<\/strong>: Mecambioasolar S.L.<\/li>\n<li><strong>NIF\/CIF<\/strong>: B13907027<\/li>\n<li><strong>Domicilio<\/strong>: Avenida de Arag\u00f3n 30, 46021, Valencia, Espa\u00f1a<\/li>\n<li><strong>Correo electr\u00f3nico<\/strong>: <a rel=\"noopener\"><span>info<\/span><span>@mecambioasolar<\/span><span>.com<\/span><\/a><\/li>\n<li><strong>Tel\u00e9fono<\/strong>: 661 141 019<\/li>\n<\/ul>\n<h4>2. <strong>Objeto<\/strong><\/h4>\n<p>El presente Aviso Legal tiene como objetivo regular el acceso y uso del sitio web <a rel=\"noopener\" target=\"_new\" href=\"http:\/\/www.mecambioasolar.com\"><span>www<\/span><span>.mecambioasolar<\/span><span>.com<\/span><\/a>, as\u00ed como los servicios y contenidos que se ofrecen en el mismo. El sitio web tiene como finalidad proporcionar informaci\u00f3n y servicios relacionados con la energ\u00eda solar.<\/p>\n<h4>3. <strong>Propiedad Intelectual e Industrial<\/strong><\/h4>\n<p>Los contenidos del sitio web (textos, logotipos, y otros elementos) est\u00e1n protegidos por derechos de propiedad intelectual e industrial y son de titularidad de <strong>Mecambioasolar S.L.<\/strong> o de sus respectivos propietarios. Queda prohibida la reproducci\u00f3n, distribuci\u00f3n, transformaci\u00f3n, comunicaci\u00f3n p\u00fablica o cualquier otra forma de explotaci\u00f3n sin la debida autorizaci\u00f3n.<\/p>\n<h4>4. <strong>Condiciones de Uso<\/strong><\/h4>\n<p>El acceso al sitio web y su uso est\u00e1n sujetos a las condiciones establecidas en este Aviso Legal. Al acceder y utilizar el sitio web, el usuario se compromete a respetar las normas aqu\u00ed expuestas.<\/p>\n<ul>\n<li>El usuario se compromete a utilizar el sitio web de manera legal y \u00e9tica, sin realizar actividades que puedan da\u00f1ar los derechos de terceros o el funcionamiento del sitio web.<\/li>\n<li>El acceso al sitio web es gratuito, pero <strong>Mecambioasolar S.L.<\/strong> se reserva el derecho de modificar su estructura, contenido y servicios en cualquier momento.<\/li>\n<\/ul>\n<h4>5. <strong>Protecci\u00f3n de Datos Personales<\/strong><\/h4>\n<p><strong>Mecambioasolar S.L.<\/strong> recoge datos personales a trav\u00e9s del formulario de contacto disponible en el sitio web para responder a consultas y solicitudes de los usuarios.<\/p>\n<ul>\n<li><strong>Datos personales recogidos<\/strong>: nombre, correo electr\u00f3nico, tel\u00e9fono (opcional) y mensaje.<\/li>\n<li><strong>Base legal para el tratamiento<\/strong>: El consentimiento del usuario, manifestado al completar y enviar el formulario de contacto.<\/li>\n<li><strong>Finalidad<\/strong>: Gestionar y responder las consultas o solicitudes realizadas por los usuarios.<\/li>\n<li><strong>Plazo de conservaci\u00f3n<\/strong>: Los datos se conservar\u00e1n solo durante el tiempo necesario para gestionar la consulta y responder a la persona interesada.<\/li>\n<\/ul>\n<p>Los usuarios tienen derecho a acceder, rectificar, suprimir o oponerse al tratamiento de sus datos personales enviando una solicitud a <strong><a rel=\"noopener\"><span>info<\/span><span>@mecambioasolar<\/span><span>.com<\/span><\/a><\/strong>.<\/p>\n<p>Puedes consultar la <strong>Pol\u00edtica de Privacidad completa<\/strong> en este mismo sitio web para m\u00e1s detalles sobre c\u00f3mo gestionamos tus datos personales.<\/p>\n<h4>6. <strong>Uso de Cookies<\/strong><\/h4>\n<p>Este sitio web utiliza cookies t\u00e9cnicas necesarias para su funcionamiento b\u00e1sico. Estas cookies permiten recordar configuraciones temporales y facilitar la navegaci\u00f3n. No recopilamos informaci\u00f3n personal identificable ni utilizamos cookies para an\u00e1lisis o marketing.<\/p>\n<p>Al navegar por el sitio web, el usuario acepta el uso de estas cookies. Puedes obtener m\u00e1s informaci\u00f3n sobre su funcionamiento en la <strong>Pol\u00edtica de Cookies<\/strong> disponible en el sitio web.<\/p>\n<h4>7. <strong>Exclusi\u00f3n de Responsabilidad<\/strong><\/h4>\n<p><strong>Mecambioasolar S.L.<\/strong> no ser\u00e1 responsable de los posibles da\u00f1os o perjuicios que puedan derivarse de:<\/p>\n<ul>\n<li>La interrupci\u00f3n, suspensi\u00f3n o terminaci\u00f3n de la disponibilidad del sitio web.<\/li>\n<li>Errores, imprecisiones o inexactitudes en los contenidos proporcionados.<\/li>\n<li>El uso no autorizado por parte de terceros del sitio web o sus contenidos.<\/li>\n<\/ul>\n<h4>8. <strong>Enlaces a Terceros<\/strong><\/h4>\n<p>El sitio web puede contener enlaces a otros sitios web gestionados por terceros. <strong>Mecambioasolar S.L.<\/strong> no asume ninguna responsabilidad sobre los contenidos, pol\u00edticas de privacidad, o pr\u00e1cticas de esos sitios web.<\/p>\n<h4>9. <strong>Modificaci\u00f3n del Aviso Legal<\/strong><\/h4>\n<p><strong>Mecambioasolar S.L.<\/strong> se reserva el derecho de modificar este Aviso Legal en cualquier momento. Las modificaciones entrar\u00e1n en vigor desde su publicaci\u00f3n en el sitio web, por lo que se recomienda revisarlo peri\u00f3dicamente.<\/p>\n<h4>10. <strong>Legislaci\u00f3n Aplicable y Jurisdicci\u00f3n<\/strong><\/h4>\n<p>Este Aviso Legal se rige por la legislaci\u00f3n espa\u00f1ola. En caso de conflicto, las partes se someter\u00e1n a los tribunales de <strong>Valencia<\/strong> (Espa\u00f1a), renunciando expresamente a cualquier otro fuero que pudiera corresponderles.<\/p>\n<\/header>\n<\/div>\n<\/div>\n<\/div>\n<p>[\/et_pb_text][\/et_pb_column][\/et_pb_row][\/et_pb_section]<\/p>\n","protected":false},"excerpt":{"rendered":"<p>Aviso Legal 1. Informaci\u00f3n General En cumplimiento de la normativa aplicable, te informamos que el presente sitio web www.mecambioasolar.com es operado por: Raz\u00f3n social: Mecambioasolar S.L. NIF\/CIF: B13907027 Domicilio: Avenida de Arag\u00f3n 30, 46021, Valencia, Espa\u00f1a Correo electr\u00f3nico: info@mecambioasolar.com Tel\u00e9fono: 661 141 019 2. Objeto El presente Aviso Legal tiene como objetivo regular el acceso [&hellip;]<\/p>\n","protected":false},"author":1,"featured_media":0,"parent":0,"menu_order":0,"comment_status":"closed","ping_status":"closed","template":"","meta":{"_et_pb_use_builder":"on","_et_pb_old_content":"","_et_gb_content_width":"","footnotes":""},"_links":{"self":[{"href":"http:\/\/mecambioasolar.com\/home\/wp-json\/wp\/v2\/pages\/244"}],"collection":[{"href":"http:\/\/mecambioasolar.com\/home\/wp-json\/wp\/v2\/pages"}],"about":[{"href":"http:\/\/mecambioasolar.com\/home\/wp-json\/wp\/v2\/types\/page"}],"author":[{"embeddable":true,"href":"http:\/\/mecambioasolar.com\/home\/wp-json\/wp\/v2\/users\/1"}],"replies":[{"embeddable":true,"href":"http:\/\/mecambioasolar.com\/home\/wp-json\/wp\/v2\/comments?post=244"}],"version-history":[{"count":2,"href":"http:\/\/mecambioasolar.com\/home\/wp-json\/wp\/v2\/pages\/244\/revisions"}],"predecessor-version":[{"id":246,"href":"http:\/\/mecambioasolar.com\/home\/wp-json\/wp\/v2\/pages\/244\/revisions\/246"}],"wp:attachment":[{"href":"http:\/\/mecambioasolar.com\/home\/wp-json\/wp\/v2\/media?parent=244"}],"curies":[{"name":"wp","href":"https:\/\/api.w.org\/{rel}","templated":true}]}}