{"id":237,"date":"2024-11-06T06:58:24","date_gmt":"2024-11-06T06:58:24","guid":{"rendered":"http:\/\/mecambioasolar.com\/home\/?page_id=237"},"modified":"2024-11-06T06:58:24","modified_gmt":"2024-11-06T06:58:24","slug":"politica-de-privacidad","status":"publish","type":"page","link":"http:\/\/mecambioasolar.com\/home\/politica-de-privacidad\/","title":{"rendered":"Pol\u00edtica de Privacidad"},"content":{"rendered":"<p>[et_pb_section fb_built=\u00bb1&#8243; _builder_version=\u00bb4.25.2&#8243; _module_preset=\u00bbdefault\u00bb global_colors_info=\u00bb{}\u00bb theme_builder_area=\u00bbpost_content\u00bb][et_pb_row _builder_version=\u00bb4.25.2&#8243; _module_preset=\u00bbdefault\u00bb global_colors_info=\u00bb{}\u00bb theme_builder_area=\u00bbpost_content\u00bb][et_pb_column type=\u00bb4_4&#8243; _builder_version=\u00bb4.25.2&#8243; _module_preset=\u00bbdefault\u00bb global_colors_info=\u00bb{}\u00bb theme_builder_area=\u00bbpost_content\u00bb][et_pb_text _builder_version=\u00bb4.27.2&#8243; _module_preset=\u00bbdefault\u00bb hover_enabled=\u00bb0&#8243; global_colors_info=\u00bb{}\u00bb theme_builder_area=\u00bbpost_content\u00bb sticky_enabled=\u00bb0&#8243;]<\/p>\n<h1><strong>POL\u00cdTICA DE PRIVACIDAD<\/strong><\/h1>\n<p>[\/et_pb_text][et_pb_text _builder_version=\u00bb4.27.2&#8243; _module_preset=\u00bbdefault\u00bb hover_enabled=\u00bb0&#8243; global_colors_info=\u00bb{}\u00bb theme_builder_area=\u00bbpost_content\u00bb sticky_enabled=\u00bb0&#8243;]<\/p>\n<div class=\"row\">\n<div class=\"col-xl-10 mx-auto\">\n<div class=\"paper\">\n<header class=\"text-center\">\n<p><strong>Responsable del tratamiento de los datos personales<\/strong><\/p>\n<ul>\n<li><strong>Nombre de la empresa:<\/strong> Mecambioasolar S.L.<\/li>\n<li><strong>Direcci\u00f3n de contacto:<\/strong> <a rel=\"noopener\"><span>info<\/span><span>@mecambioasolar<\/span><span>.com<\/span><\/a><\/li>\n<li><strong>Tel\u00e9fono de contacto:<\/strong> 661 141 019<\/li>\n<\/ul>\n<p><strong>Finalidad del tratamiento de datos personales<\/strong><\/p>\n<p>En Mecambioasolar S.L. recogemos datos personales exclusivamente a trav\u00e9s del formulario de contacto disponible en nuestro sitio web con el fin de gestionar y responder a las consultas o solicitudes de informaci\u00f3n realizadas por los usuarios.<\/p>\n<p><strong>Datos personales recogidos y base legal<\/strong><\/p>\n<p>A trav\u00e9s de nuestro formulario de contacto, podemos solicitar los siguientes datos personales:<\/p>\n<ul>\n<li><strong>Nombre<\/strong> (obligatorio)<\/li>\n<li><strong>Correo electr\u00f3nico<\/strong> (obligatorio)<\/li>\n<li><strong>Tel\u00e9fono de contacto<\/strong> (opcional)<\/li>\n<li><strong>Mensaje<\/strong> (obligatorio)<\/li>\n<\/ul>\n<p>La base legal para el tratamiento de estos datos es el consentimiento del usuario, manifestado al completar y enviar el formulario de contacto. Al hacerlo, el usuario acepta que utilicemos sus datos para responder a su consulta.<\/p>\n<p><strong>Almacenamiento y tratamiento de los datos<\/strong><\/p>\n<p>Los datos proporcionados a trav\u00e9s del formulario de contacto ser\u00e1n enviados directamente a nuestro correo electr\u00f3nico <strong><a rel=\"noopener\"><span>info<\/span><span>@mecambioasolar<\/span><span>.com<\/span><\/a><\/strong>, donde ser\u00e1n utilizados exclusivamente para responder a la solicitud o consulta realizada. No se almacenar\u00e1n en ninguna otra base de datos ni se emplear\u00e1n para fines distintos de los especificados.<\/p>\n<p><strong>Plazo de conservaci\u00f3n de los datos<\/strong><\/p>\n<p>Los datos personales se conservar\u00e1n \u00fanicamente durante el tiempo necesario para gestionar la consulta y responder a la persona interesada. Una vez respondida la consulta, y salvo que surja una relaci\u00f3n comercial o legal posterior, los datos no se conservar\u00e1n en nuestra base de datos.<\/p>\n<p><strong>Derechos de los usuarios<\/strong><\/p>\n<p>Los usuarios tienen derecho a:<\/p>\n<ul>\n<li>Acceder a sus datos personales y obtener informaci\u00f3n sobre su tratamiento.<\/li>\n<li>Solicitar la rectificaci\u00f3n de sus datos si son incorrectos o est\u00e1n desactualizados.<\/li>\n<li>Solicitar la supresi\u00f3n de sus datos cuando ya no sean necesarios para los fines que fueron recogidos.<\/li>\n<li>Oponerse al tratamiento de sus datos personales.<\/li>\n<\/ul>\n<p>Para ejercer cualquiera de estos derechos, pueden enviar una solicitud a <strong><a rel=\"noopener\"><span>info<\/span><span>@mecambioasolar<\/span><span>.com<\/span><\/a><\/strong> indicando el derecho que desean ejercer, junto con una copia de un documento que acredite su identidad.<\/p>\n<p><strong>Confidencialidad y seguridad<\/strong><\/p>\n<p>Mecambioasolar S.L. se compromete a tratar los datos personales de forma absolutamente confidencial y a utilizar las medidas t\u00e9cnicas y organizativas necesarias para garantizar su seguridad y evitar su alteraci\u00f3n, p\u00e9rdida, tratamiento o acceso no autorizado, conforme a la normativa vigente.<\/p>\n<p><strong>Modificaciones en la Pol\u00edtica de Privacidad<\/strong><\/p>\n<p>Mecambioasolar S.L. se reserva el derecho de modificar esta Pol\u00edtica de Privacidad para adaptarla a novedades legislativas o jurisprudenciales. Cualquier cambio ser\u00e1 notificado a los usuarios mediante un aviso en el sitio web.<\/p>\n<\/header>\n<\/div>\n<\/div>\n<\/div>\n<p>[\/et_pb_text][\/et_pb_column][\/et_pb_row][\/et_pb_section]<\/p>\n","protected":false},"excerpt":{"rendered":"<p>POL\u00cdTICA DE PRIVACIDAD Responsable del tratamiento de los datos personales Nombre de la empresa: Mecambioasolar S.L. Direcci\u00f3n de contacto: info@mecambioasolar.com Tel\u00e9fono de contacto: 661 141 019 Finalidad del tratamiento de datos personales En Mecambioasolar S.L. recogemos datos personales exclusivamente a trav\u00e9s del formulario de contacto disponible en nuestro sitio web con el fin de gestionar [&hellip;]<\/p>\n","protected":false},"author":1,"featured_media":0,"parent":0,"menu_order":0,"comment_status":"closed","ping_status":"closed","template":"","meta":{"_et_pb_use_builder":"on","_et_pb_old_content":"","_et_gb_content_width":"","footnotes":""},"_links":{"self":[{"href":"http:\/\/mecambioasolar.com\/home\/wp-json\/wp\/v2\/pages\/237"}],"collection":[{"href":"http:\/\/mecambioasolar.com\/home\/wp-json\/wp\/v2\/pages"}],"about":[{"href":"http:\/\/mecambioasolar.com\/home\/wp-json\/wp\/v2\/types\/page"}],"author":[{"embeddable":true,"href":"http:\/\/mecambioasolar.com\/home\/wp-json\/wp\/v2\/users\/1"}],"replies":[{"embeddable":true,"href":"http:\/\/mecambioasolar.com\/home\/wp-json\/wp\/v2\/comments?post=237"}],"version-history":[{"count":2,"href":"http:\/\/mecambioasolar.com\/home\/wp-json\/wp\/v2\/pages\/237\/revisions"}],"predecessor-version":[{"id":239,"href":"http:\/\/mecambioasolar.com\/home\/wp-json\/wp\/v2\/pages\/237\/revisions\/239"}],"wp:attachment":[{"href":"http:\/\/mecambioasolar.com\/home\/wp-json\/wp\/v2\/media?parent=237"}],"curies":[{"name":"wp","href":"https:\/\/api.w.org\/{rel}","templated":true}]}}