{"id":215,"date":"2024-07-01T06:21:57","date_gmt":"2024-07-01T06:21:57","guid":{"rendered":"http:\/\/mecambioasolar.com\/home\/?page_id=215"},"modified":"2024-11-06T07:12:22","modified_gmt":"2024-11-06T07:12:22","slug":"politica-de-cookies","status":"publish","type":"page","link":"http:\/\/mecambioasolar.com\/home\/politica-de-cookies\/","title":{"rendered":"Pol\u00edtica de Cookies"},"content":{"rendered":"<p>[et_pb_section fb_built=\u00bb1&#8243; _builder_version=\u00bb4.25.2&#8243; _module_preset=\u00bbdefault\u00bb global_colors_info=\u00bb{}\u00bb][et_pb_row _builder_version=\u00bb4.25.2&#8243; _module_preset=\u00bbdefault\u00bb global_colors_info=\u00bb{}\u00bb][et_pb_column type=\u00bb4_4&#8243; _builder_version=\u00bb4.25.2&#8243; _module_preset=\u00bbdefault\u00bb global_colors_info=\u00bb{}\u00bb][et_pb_text _builder_version=\u00bb4.27.2&#8243; _module_preset=\u00bbdefault\u00bb hover_enabled=\u00bb0&#8243; global_colors_info=\u00bb{}\u00bb sticky_enabled=\u00bb0&#8243;]<\/p>\n<h1><strong>Pol\u00edtica de Cookies<\/strong><\/h1>\n<p>[\/et_pb_text][et_pb_text _builder_version=\u00bb4.27.2&#8243; _module_preset=\u00bbdefault\u00bb hover_enabled=\u00bb0&#8243; global_colors_info=\u00bb{}\u00bb sticky_enabled=\u00bb0&#8243;]<\/p>\n<div class=\"row\">\n<div class=\"col-xl-10 mx-auto\">\n<div class=\"paper\">\n<header class=\"text-center\">\n<p>Nuestro sitio web utiliza solo cookies t\u00e9cnicas necesarias para su correcto funcionamiento. Estas cookies b\u00e1sicas permiten, por ejemplo, recordar ciertas configuraciones temporales o facilitar la navegaci\u00f3n en nuestro sitio web. No utilizamos cookies que recopilen informaci\u00f3n personal ni cookies de terceros para an\u00e1lisis o marketing.<\/p>\n<h3>\u00bfQu\u00e9 son las cookies t\u00e9cnicas?<\/h3>\n<p>Las cookies t\u00e9cnicas son esenciales para el funcionamiento b\u00e1sico del sitio web y no requieren consentimiento del usuario. Estas cookies:<\/p>\n<ul>\n<li>No recopilan informaci\u00f3n personal identificable.<\/li>\n<li>No realizan seguimiento de actividad en otros sitios web.<\/li>\n<li>Se eliminan autom\u00e1ticamente al finalizar la sesi\u00f3n o despu\u00e9s de un per\u00edodo breve de tiempo.<\/li>\n<\/ul>\n<h3>Contacto<\/h3>\n<p>Para cualquier consulta sobre nuestra Pol\u00edtica de Cookies, puedes ponerte en contacto con nosotros en <strong><a rel=\"noopener\"><span>info<\/span><span>@mecambioasolar<\/span><span>.com<\/span><\/a><\/strong>.<\/p>\n<\/header>\n<\/div>\n<\/div>\n<\/div>\n<p>[\/et_pb_text][\/et_pb_column][\/et_pb_row][\/et_pb_section]<\/p>\n","protected":false},"excerpt":{"rendered":"<p>Pol\u00edtica de Cookies Nuestro sitio web utiliza solo cookies t\u00e9cnicas necesarias para su correcto funcionamiento. Estas cookies b\u00e1sicas permiten, por ejemplo, recordar ciertas configuraciones temporales o facilitar la navegaci\u00f3n en nuestro sitio web. No utilizamos cookies que recopilen informaci\u00f3n personal ni cookies de terceros para an\u00e1lisis o marketing. \u00bfQu\u00e9 son las cookies t\u00e9cnicas? Las cookies [&hellip;]<\/p>\n","protected":false},"author":1,"featured_media":0,"parent":0,"menu_order":0,"comment_status":"closed","ping_status":"closed","template":"","meta":{"_et_pb_use_builder":"on","_et_pb_old_content":"","_et_gb_content_width":"","footnotes":""},"_links":{"self":[{"href":"http:\/\/mecambioasolar.com\/home\/wp-json\/wp\/v2\/pages\/215"}],"collection":[{"href":"http:\/\/mecambioasolar.com\/home\/wp-json\/wp\/v2\/pages"}],"about":[{"href":"http:\/\/mecambioasolar.com\/home\/wp-json\/wp\/v2\/types\/page"}],"author":[{"embeddable":true,"href":"http:\/\/mecambioasolar.com\/home\/wp-json\/wp\/v2\/users\/1"}],"replies":[{"embeddable":true,"href":"http:\/\/mecambioasolar.com\/home\/wp-json\/wp\/v2\/comments?post=215"}],"version-history":[{"count":4,"href":"http:\/\/mecambioasolar.com\/home\/wp-json\/wp\/v2\/pages\/215\/revisions"}],"predecessor-version":[{"id":243,"href":"http:\/\/mecambioasolar.com\/home\/wp-json\/wp\/v2\/pages\/215\/revisions\/243"}],"wp:attachment":[{"href":"http:\/\/mecambioasolar.com\/home\/wp-json\/wp\/v2\/media?parent=215"}],"curies":[{"name":"wp","href":"https:\/\/api.w.org\/{rel}","templated":true}]}}